{"id":27,"date":"2017-02-01T09:22:44","date_gmt":"2017-02-01T08:22:44","guid":{"rendered":"https:\/\/tellyproductions.pl\/home-page\/"},"modified":"2026-03-06T18:10:35","modified_gmt":"2026-03-06T17:10:35","slug":"home-page","status":"publish","type":"page","link":"https:\/\/tellyproductions.pl\/","title":{"rendered":"Home page"},"content":{"rendered":"<p>About<\/p>\n<p>Telly Productions, an experienced, Krakow based video production company,<\/p>\n<p>is on a mission of making the best film projects.<\/p>\n<p>Diligently and with passion.<\/p>\n<p>Portfolio<br \/>\nAllCommercialCorporateEventstravelShort doc\t\t\t\t<\/p>\n<p><a href=\"\"><\/p>\n<p><img decoding=\"async\" src=\"https:\/\/tellyproductions.pl\/wp-content\/uploads\/2023\/05\/1.png\" \/><\/p>\n<p>W\u00f3lczanka x Patryk Cebulski<\/p>\n<p><\/a><br \/>\n\t\t\t\t\t\tW\u00f3lczanka x Patryk Cebulski<\/p>\n<p><!-- You're using demo endpoint of Iframely API commercially. Max-width is limited to 320px. Please get your own API key at https:\/\/iframely.com. --><\/p>\n<p>About<\/p>\n<p>A promo video for W\u00f3lczanka featuring Patryk Cebulski<\/p>\n<p><a href=\"\"><\/p>\n<p><img decoding=\"async\" src=\"https:\/\/tellyproductions.pl\/wp-content\/uploads\/2021\/02\/2.png\" \/><\/p>\n<p>Franz brand video<\/p>\n<p><\/a><br \/>\n\t\t\t\t\t\tFranz brand video<\/p>\n<p><!-- You're using demo endpoint of Iframely API commercially. Max-width is limited to 320px. Please get your own API key at https:\/\/iframely.com. --><\/p>\n<p>A brand video of a products design. Made of stock footage and relayr&#8217;s films and graphics.<\/p>\n<p><a href=\"\"><\/p>\n<p><img decoding=\"async\" src=\"https:\/\/tellyproductions.pl\/wp-content\/uploads\/2022\/11\/1.jpg\" \/><\/p>\n<p>HECO story<\/p>\n<p><\/a><br \/>\n\t\t\t\t\t\tHECO story<\/p>\n<p><!-- You're using demo endpoint of Iframely API commercially. Max-width is limited to 320px. Please get your own API key at https:\/\/iframely.com. --><\/p>\n<p>About<\/p>\n<p>A customer story &#8211; HECO &amp; relayr<\/p>\n<p><a href=\"\"><\/p>\n<p><img decoding=\"async\" src=\"https:\/\/tellyproductions.pl\/wp-content\/uploads\/2025\/04\/22.jpg\" \/><\/p>\n<p>Partner summit &#8211; Lisbon<\/p>\n<p><\/a><br \/>\n\t\t\t\t\t\tPartner summit &#8211; Lisbon<\/p>\n<p><!-- You're using demo endpoint of Iframely API commercially. Max-width is limited to 320px. Please get your own API key at https:\/\/iframely.com. --><\/p>\n<p>About<\/p>\n<p>Highlights video from the Partner Summit in Cascais, Portugal <\/p>\n<p><a href=\"\"><\/p>\n<p><img decoding=\"async\" src=\"https:\/\/tellyproductions.pl\/wp-content\/uploads\/2026\/02\/kark.jpg\" \/><\/p>\n<p>Termy Karkonosze Resort &amp; Spa<\/p>\n<p><\/a><br \/>\n\t\t\t\t\t\tTermy Karkonosze Resort &amp; Spa<\/p>\n<p><!-- You're using demo endpoint of Iframely API commercially. Max-width is limited to 320px. Please get your own API key at https:\/\/iframely.com. --><\/p>\n<p>About<\/p>\n<p>A short promo video for Termy Karkonosze Resort &amp; Spa<\/p>\n<p><a href=\"\"><\/p>\n<p><img decoding=\"async\" src=\"https:\/\/tellyproductions.pl\/wp-content\/uploads\/2025\/04\/2.jpg\" \/><\/p>\n<p>Hannover Messe<\/p>\n<p><\/a><br \/>\n\t\t\t\t\t\tHannover Messe<\/p>\n<p><!-- You're using demo endpoint of Iframely API commercially. Max-width is limited to 320px. Please get your own API key at https:\/\/iframely.com. --><\/p>\n<p>About<\/p>\n<p>An event video shot during Hannover Messe.<\/p>\n<p><a href=\"\"><\/p>\n<p><img decoding=\"async\" src=\"https:\/\/tellyproductions.pl\/wp-content\/uploads\/2022\/12\/1wlc.jpg\" \/><\/p>\n<p>W\u00f3lczanka x UDO<\/p>\n<p><\/a><br \/>\n\t\t\t\t\t\tW\u00f3lczanka x UDO<\/p>\n<p><!-- You're using demo endpoint of Iframely API commercially. Max-width is limited to 320px. Please get your own API key at https:\/\/iframely.com. --><\/p>\n<p>About<\/p>\n<p>A short add about sustainablility in fashion. <\/p>\n<p><a href=\"\"><\/p>\n<p><img decoding=\"async\" src=\"https:\/\/tellyproductions.pl\/wp-content\/uploads\/2024\/12\/pic3.jpg\" \/><\/p>\n<p>Heidelberg x relayr<\/p>\n<p><\/a><br \/>\n\t\t\t\t\t\tHeidelberg x relayr<\/p>\n<p><!-- You're using demo endpoint of Iframely API commercially. Max-width is limited to 320px. Please get your own API key at https:\/\/iframely.com. --><\/p>\n<p>About<\/p>\n<p>A short customer story &#8211; heidelberg x relayr<\/p>\n<p><a href=\"\"><\/p>\n<p><img decoding=\"async\" src=\"https:\/\/tellyproductions.pl\/wp-content\/uploads\/2023\/03\/foto-cypru.png\" \/><\/p>\n<p>Drone showreel<\/p>\n<p><\/a><br \/>\n\t\t\t\t\t\tDrone showreel<\/p>\n<p><!-- You're using demo endpoint of Iframely API commercially. Max-width is limited to 320px. Please get your own API key at https:\/\/iframely.com. --><\/p>\n<p>About<\/p>\n<p>Drone showreel &#8211; locations: Iceland, Cyprus, Kalamazoo (USA), Chicago, Bavaria, various locations in Poland, Greek Islands<\/p>\n<p><a href=\"\"><\/p>\n<p><img decoding=\"async\" src=\"https:\/\/tellyproductions.pl\/wp-content\/uploads\/2025\/10\/1.jpg\" \/><\/p>\n<p>Vulpera, Switzerland<\/p>\n<p><\/a><br \/>\n\t\t\t\t\t\tVulpera, Switzerland<\/p>\n<p><!-- You're using demo endpoint of Iframely API commercially. Max-width is limited to 320px. Please get your own API key at https:\/\/iframely.com. --><\/p>\n<p>About<\/p>\n<p>A travel video &#8211; Vulpera, Switzerland<\/p>\n<p><a href=\"\"><\/p>\n<p><img decoding=\"async\" src=\"https:\/\/tellyproductions.pl\/wp-content\/uploads\/2023\/03\/aaaaaaaa.png\" \/><\/p>\n<p>Grillido at Internorga<\/p>\n<p><\/a><br \/>\n\t\t\t\t\t\tGrillido at Internorga<\/p>\n<p><!-- You're using demo endpoint of Iframely API commercially. Max-width is limited to 320px. Please get your own API key at https:\/\/iframely.com. --><\/p>\n<p>About<\/p>\n<p>After movie from the largest and the oldest trade fair for hotel and catering industry in Europe, Internorga. Shot for Grillido. <\/p>\n<p><a href=\"\"><\/p>\n<p><img decoding=\"async\" src=\"https:\/\/tellyproductions.pl\/wp-content\/uploads\/2022\/08\/wanda.jpg\" \/><\/p>\n<p>Stonger Than Ever<\/p>\n<p><\/a><br \/>\n\t\t\t\t\t\tStonger Than Ever<\/p>\n<p><!-- You're using demo endpoint of Iframely API commercially. Max-width is limited to 320px. Please get your own API key at https:\/\/iframely.com. --><\/p>\n<p>About<\/p>\n<p>A short doc about Wanda and her fight against cancer.<\/p>\n<p><a href=\"\"><\/p>\n<p><img decoding=\"async\" src=\"https:\/\/tellyproductions.pl\/wp-content\/uploads\/2024\/12\/well-stop.jpg\" \/><\/p>\n<p>Well concept store<\/p>\n<p><\/a><br \/>\n\t\t\t\t\t\tWell concept store<\/p>\n<p><!-- You're using demo endpoint of Iframely API commercially. Max-width is limited to 320px. Please get your own API key at https:\/\/iframely.com. --><\/p>\n<p>About<\/p>\n<p>Short video from the new Well concept store. opening.<\/p>\n<p><a href=\"\"><\/p>\n<p><img decoding=\"async\" src=\"https:\/\/tellyproductions.pl\/wp-content\/uploads\/2022\/11\/4.jpg\" \/><\/p>\n<p>Hotel wedding venue &#8211; promo<\/p>\n<p><\/a><br \/>\n\t\t\t\t\t\tHotel wedding venue &#8211; promo<\/p>\n<p><!-- You're using demo endpoint of Iframely API commercially. Max-width is limited to 320px. Please get your own API key at https:\/\/iframely.com. --><\/p>\n<p>About<\/p>\n<p>A short video promoting wedding parties in a hotel<\/p>\n<p><a href=\"\"><\/p>\n<p><img decoding=\"async\" src=\"https:\/\/tellyproductions.pl\/wp-content\/uploads\/2022\/03\/2.png\" \/><\/p>\n<p>By Krawcowa Spring\/Summer 2022<\/p>\n<p><\/a><br \/>\n\t\t\t\t\t\tBy Krawcowa Spring\/Summer 2022<\/p>\n<p><!-- You're using demo endpoint of Iframely API commercially. Max-width is limited to 320px. Please get your own API key at https:\/\/iframely.com. --><\/p>\n<p>About<\/p>\n<p>Behind the scenes video of the kids fashion photo shoot. Spring\/Summer 2022 campaign.<\/p>\n<p><a href=\"\"><\/p>\n<p><img decoding=\"async\" src=\"https:\/\/tellyproductions.pl\/wp-content\/uploads\/2023\/12\/55-100-stop.jpg\" \/><\/p>\n<p>Wine production story<\/p>\n<p><\/a><br \/>\n\t\t\t\t\t\tWine production story<\/p>\n<p><!-- You're using demo endpoint of Iframely API commercially. Max-width is limited to 320px. Please get your own API key at https:\/\/iframely.com. --><\/p>\n<p>About<\/p>\n<p>A short story of a vineyard in Poland run by two enthusiasts, Tomasz and Dorian. The place is called 55-100, just like the postal code of the place it&#8217;s situated in. <\/p>\n<p><a href=\"\"><\/p>\n<p><img decoding=\"async\" src=\"https:\/\/tellyproductions.pl\/wp-content\/uploads\/2020\/07\/truck.jpg\" \/><\/p>\n<p>Relayr &#8211; Business Transformation Experience Tour<\/p>\n<p><\/a><br \/>\n\t\t\t\t\t\tRelayr &#8211; Business Transformation Experience Tour<\/p>\n<p><!-- You're using demo endpoint of Iframely API commercially. Max-width is limited to 320px. Please get your own API key at https:\/\/iframely.com. --><\/p>\n<p>About<\/p>\n<p>The begining of Relayr Roadshow 2020 filmed during an event in Munich.<\/p>\n<p><a href=\"\"><\/p>\n<p><img decoding=\"async\" src=\"https:\/\/tellyproductions.pl\/wp-content\/uploads\/2023\/06\/3.png\" \/><\/p>\n<p>relayr Horizons Summit 2023<\/p>\n<p><\/a><br \/>\n\t\t\t\t\t\trelayr Horizons Summit 2023<\/p>\n<p><!-- You're using demo endpoint of Iframely API commercially. Max-width is limited to 320px. Please get your own API key at https:\/\/iframely.com. --><\/p>\n<p>About<\/p>\n<p>The aftermovie from relayr Horizons Summit 2023 in Costa Caparica\/Lisbon. <\/p>\n<p><a href=\"\"><\/p>\n<p><img decoding=\"async\" src=\"https:\/\/tellyproductions.pl\/wp-content\/uploads\/2023\/02\/gggggg.png\" \/><\/p>\n<p>Wszechnica UJ presentation<\/p>\n<p><\/a><br \/>\n\t\t\t\t\t\tWszechnica UJ presentation<\/p>\n<p><!-- You're using demo endpoint of Iframely API commercially. Max-width is limited to 320px. Please get your own API key at https:\/\/iframely.com. --><\/p>\n<p>About<\/p>\n<p>A short video presentation of Wszechnica UJ<\/p>\n<p><a href=\"\"><\/p>\n<p><img decoding=\"async\" src=\"https:\/\/tellyproductions.pl\/wp-content\/uploads\/2022\/03\/gysi-foto.png\" \/><\/p>\n<p>Gysi AG story<\/p>\n<p><\/a><br \/>\n\t\t\t\t\t\tGysi AG story<\/p>\n<p><!-- You're using demo endpoint of Iframely API commercially. Max-width is limited to 320px. Please get your own API key at https:\/\/iframely.com. --><\/p>\n<p>About<\/p>\n<p>A customer story&#8211; relayr &amp; Gysi AG<\/p>\n<p><a href=\"\"><\/p>\n<p><img decoding=\"async\" src=\"https:\/\/tellyproductions.pl\/wp-content\/uploads\/2023\/02\/wszech.png\" \/><\/p>\n<p>Wszechnica UJ &#8211; conference<\/p>\n<p><\/a><br \/>\n\t\t\t\t\t\tWszechnica UJ &#8211; conference<\/p>\n<p><!-- You're using demo endpoint of Iframely API commercially. Max-width is limited to 320px. Please get your own API key at https:\/\/iframely.com. --><\/p>\n<p>About<\/p>\n<p>Video coverage of the conference called \u201aA man of the future organisation&#8217;<\/p>\n<p><a href=\"\"><\/p>\n<p><img decoding=\"async\" src=\"https:\/\/tellyproductions.pl\/wp-content\/uploads\/2023\/03\/barca-.png\" \/><\/p>\n<p><a href=\"https:\/\/www.iotsworldcongress.com\/\">IOT Solutions World Congress<\/a> &#8211; BARCELONA<\/p>\n<p><\/a><br \/>\n\t\t\t\t\t\t<a href=\"https:\/\/www.iotsworldcongress.com\/\">IOT Solutions World Congress<\/a> &#8211; BARCELONA<\/p>\n<p><!-- You're using demo endpoint of Iframely API commercially. Max-width is limited to 320px. Please get your own API key at https:\/\/iframely.com. --><\/p>\n<p>About<\/p>\n<p>Aftermovie from IoT Solutions World Congress in Barcelona<\/p>\n<p><a href=\"\"><\/p>\n<p><img decoding=\"async\" src=\"https:\/\/tellyproductions.pl\/wp-content\/uploads\/2022\/03\/ollla.png\" \/><\/p>\n<p>Finding Home<\/p>\n<p><\/a><br \/>\n\t\t\t\t\t\tFinding Home<\/p>\n<p><!-- You're using demo endpoint of Iframely API commercially. Max-width is limited to 320px. Please get your own API key at https:\/\/iframely.com. --><\/p>\n<p>About<\/p>\n<p>A short doc for the #nespresso talents contest. <\/p>\n<p><a href=\"\"><\/p>\n<p><img decoding=\"async\" src=\"https:\/\/tellyproductions.pl\/wp-content\/uploads\/2025\/08\/szczaw.jpg\" \/><\/p>\n<p>Szczawnica Park Resort &amp; Spa<\/p>\n<p><\/a><br \/>\n\t\t\t\t\t\tSzczawnica Park Resort &amp; Spa<\/p>\n<p><!-- You're using demo endpoint of Iframely API commercially. Max-width is limited to 320px. Please get your own API key at https:\/\/iframely.com. --><\/p>\n<p>About<\/p>\n<p>Szczawnica Park Resort &amp; Spa promo.<\/p>\n<p><a href=\"\"><\/p>\n<p><img decoding=\"async\" src=\"https:\/\/tellyproductions.pl\/wp-content\/uploads\/2023\/12\/stop-horizons-2.jpg\" \/><\/p>\n<p>Horizons Summit 2022<\/p>\n<p><\/a><br \/>\n\t\t\t\t\t\tHorizons Summit 2022<\/p>\n<p><!-- You're using demo endpoint of Iframely API commercially. Max-width is limited to 320px. Please get your own API key at https:\/\/iframely.com. --><\/p>\n<p>About<\/p>\n<p>A short trailer of Horizons Summit 2022 for relayr<\/p>\n<p><a href=\"\"><\/p>\n<p><img decoding=\"async\" src=\"https:\/\/tellyproductions.pl\/wp-content\/uploads\/2019\/05\/foto-italy.jpg\" \/><\/p>\n<p>\u201aLiving The Italian Way&#8217; contest<\/p>\n<p><\/a><br \/>\n\t\t\t\t\t\t\u201aLiving The Italian Way&#8217; contest<\/p>\n<p><!-- You're using demo endpoint of Iframely API commercially. Max-width is limited to 320px. Please get your own API key at https:\/\/iframely.com. --><\/p>\n<p>About<\/p>\n<p>In the \u201aLiving The Italian Way&#8217; contest, organised by Ministry of Foreign Affairs and International Cooperation in Italy, I was supposed to show what Italianness means to me, having just a few shots from Italy. I decided to focus on audio in a movie. The sounds of wine being poured, spaghetti being eaten &#8211; I could make them anywhere, even here in Poland.<br \/>\n5th place out of 340 submissions.<\/p>\n<p><a href=\"\"><\/p>\n<p><img decoding=\"async\" src=\"https:\/\/tellyproductions.pl\/wp-content\/uploads\/2020\/01\/homla_AW.png\" \/><\/p>\n<p>HOMLA AW 2019<\/p>\n<p><\/a><br \/>\n\t\t\t\t\t\tHOMLA AW 2019<\/p>\n<p><!-- You're using demo endpoint of Iframely API commercially. Max-width is limited to 320px. Please get your own API key at https:\/\/iframely.com. --><\/p>\n<p>About<\/p>\n<p>30 sec video of HOMLA Autumn\/Winter collection.<\/p>\n<p><a href=\"\"><\/p>\n<p><img decoding=\"async\" src=\"https:\/\/tellyproductions.pl\/wp-content\/uploads\/2017\/02\/0007_stop_head_2016.jpg\" \/><\/p>\n<p>Head Polska &#8211; tv ad<\/p>\n<p><\/a><br \/>\n\t\t\t\t\t\tHead Polska &#8211; tv ad<\/p>\n<p><!-- You're using demo endpoint of Iframely API commercially. Max-width is limited to 320px. Please get your own API key at https:\/\/iframely.com. --><\/p>\n<p>About<\/p>\n<p>Tv ad (Eurosport Polska) \u2013 client \u2013 Head Polska (2016)<\/p>\n<p>Contact<\/p>\n<p>tel.: +48 506 053 903<\/p>\n<p><a href=\"mailto:info@ouraddress.com\">info@tellyproductions.pl<\/a><br \/>\n<a href=\"http:\/\/www.ouraddress.com\">www.tellyproductions.pl<\/a><\/p>\n<p><a href=\"https:\/\/vimeo.com\/telloza\">vimeo.com\/telloza<\/a><\/p>\n<p>clients<\/p>\n<p><a href=\"\"><\/p>\n<p><img decoding=\"async\" src=\"https:\/\/tellyproductions.pl\/wp-content\/uploads\/2025\/05\/White@3x.png\" \/><\/p>\n<p><\/a><\/p>\n<p><a href=\"\"><\/p>\n<p><img decoding=\"async\" src=\"https:\/\/tellyproductions.pl\/wp-content\/uploads\/2022\/10\/headdd-300x78-1.png\" \/><\/p>\n<p><\/a><\/p>\n<p><a href=\"\"><\/p>\n<p><img decoding=\"async\" src=\"https:\/\/tellyproductions.pl\/wp-content\/uploads\/2022\/10\/LOGO-Homla-WHITE-1024x202-1.png\" \/><\/p>\n<p><\/a><\/p>\n<p><a href=\"\"><\/p>\n<p><img decoding=\"async\" src=\"https:\/\/tellyproductions.pl\/wp-content\/uploads\/2022\/10\/nokturn-2017-logo-768x211-1.png\" \/><\/p>\n<p><\/a><\/p>\n<p><a href=\"\"><\/p>\n<p><img decoding=\"async\" src=\"https:\/\/tellyproductions.pl\/wp-content\/uploads\/2022\/10\/logo_Gleboczek-300x172-1.png\" \/><\/p>\n<p><\/a><\/p>\n<p><a href=\"\"><\/p>\n<p><img decoding=\"async\" src=\"https:\/\/tellyproductions.pl\/wp-content\/uploads\/2022\/10\/relayr-300x109-1.png\" \/><\/p>\n<p><\/a><\/p>\n<p><a href=\"\"><\/p>\n<p><img decoding=\"async\" src=\"https:\/\/tellyproductions.pl\/wp-content\/uploads\/2022\/10\/szczawnica.png\" \/><\/p>\n<p><\/a><\/p>\n<p><a href=\"\"><\/p>\n<p><img decoding=\"async\" src=\"https:\/\/tellyproductions.pl\/wp-content\/uploads\/2022\/10\/BMMW.png\" \/><\/p>\n<p><\/a><\/p>\n<p><a href=\"\"><\/p>\n<p><img decoding=\"async\" src=\"https:\/\/tellyproductions.pl\/wp-content\/uploads\/2022\/10\/logo-wawelservice-300x255-1.png\" \/><\/p>\n<p><\/a><\/p>\n<p><a href=\"\"><\/p>\n<p><img decoding=\"async\" src=\"https:\/\/tellyproductions.pl\/wp-content\/uploads\/2022\/12\/wolczanka-logo.png\" \/><\/p>\n<p><\/a><\/p>\n<p><a href=\"\"><\/p>\n<p><img decoding=\"async\" src=\"https:\/\/tellyproductions.pl\/wp-content\/uploads\/2023\/03\/Grillido-logo-white.png\" \/><\/p>\n<p><\/a><\/p>\n<p><a href=\"\"><\/p>\n<p><img decoding=\"async\" src=\"https:\/\/tellyproductions.pl\/wp-content\/uploads\/2025\/05\/Obszar-roboczy-1@4x.png\" \/><\/p>\n<p><\/a><\/p>\n<p><a href=\"\"><\/p>\n<p><img decoding=\"async\" src=\"https:\/\/tellyproductions.pl\/wp-content\/uploads\/2025\/10\/SALOMON-logo-white.png\" \/><\/p>\n<p><\/a><\/p>\n","protected":false},"excerpt":{"rendered":"<p class=\"excerpt\">About Telly Productions, an experienced, Krakow based video production company, is on a mission of making the best film projects. Diligently and with passion. Portfolio AllCommercialCorporateEventstravelShort doc W\u00f3lczanka x Patryk Cebulski W\u00f3lczanka x Patryk Cebulski About A promo video for W\u00f3lczanka featuring Patryk Cebulski Franz brand video Franz brand video A brand video of a [&hellip;]<\/p>\n","protected":false},"author":1,"featured_media":0,"parent":0,"menu_order":0,"comment_status":"closed","ping_status":"closed","template":"builder.php","meta":{"footnotes":""},"class_list":["post-27","page","type-page","status-publish","hentry"],"_links":{"self":[{"href":"https:\/\/tellyproductions.pl\/index.php?rest_route=\/wp\/v2\/pages\/27","targetHints":{"allow":["GET"]}}],"collection":[{"href":"https:\/\/tellyproductions.pl\/index.php?rest_route=\/wp\/v2\/pages"}],"about":[{"href":"https:\/\/tellyproductions.pl\/index.php?rest_route=\/wp\/v2\/types\/page"}],"author":[{"embeddable":true,"href":"https:\/\/tellyproductions.pl\/index.php?rest_route=\/wp\/v2\/users\/1"}],"replies":[{"embeddable":true,"href":"https:\/\/tellyproductions.pl\/index.php?rest_route=%2Fwp%2Fv2%2Fcomments&post=27"}],"version-history":[{"count":311,"href":"https:\/\/tellyproductions.pl\/index.php?rest_route=\/wp\/v2\/pages\/27\/revisions"}],"predecessor-version":[{"id":875,"href":"https:\/\/tellyproductions.pl\/index.php?rest_route=\/wp\/v2\/pages\/27\/revisions\/875"}],"wp:attachment":[{"href":"https:\/\/tellyproductions.pl\/index.php?rest_route=%2Fwp%2Fv2%2Fmedia&parent=27"}],"curies":[{"name":"wp","href":"https:\/\/api.w.org\/{rel}","templated":true}]}}